{"id":29,"date":"2019-04-02T09:15:49","date_gmt":"2019-04-02T09:15:49","guid":{"rendered":"https:\/\/maschinengemeinde.ch\/?page_id=29"},"modified":"2019-04-17T07:19:36","modified_gmt":"2019-04-17T07:19:36","slug":"ueber-mich","status":"publish","type":"page","link":"https:\/\/maschinengemeinde.ch\/?page_id=29","title":{"rendered":"\u00dcber uns"},"content":{"rendered":"\n<figure class=\"wp-block-image\"><img loading=\"lazy\" decoding=\"async\" width=\"1024\" height=\"471\" src=\"https:\/\/maschinengemeinde.ch\/wp-content\/uploads\/2019\/04\/tractor-3486266-e1555485442417-1024x471.jpg\" alt=\"\" class=\"wp-image-70\" srcset=\"https:\/\/maschinengemeinde.ch\/wp-content\/uploads\/2019\/04\/tractor-3486266-e1555485442417-1024x471.jpg 1024w, https:\/\/maschinengemeinde.ch\/wp-content\/uploads\/2019\/04\/tractor-3486266-e1555485442417-300x138.jpg 300w, https:\/\/maschinengemeinde.ch\/wp-content\/uploads\/2019\/04\/tractor-3486266-e1555485442417-768x353.jpg 768w\" sizes=\"(max-width: 1024px) 100vw, 1024px\" \/><\/figure>\n\n\n<p>Die Maschinengemeinde wurde von mehreren Landwirten in der Region Rheinklingen gegr\u00fcndet, um gemeinsam Maschinen effizient auslasten zu k\u00f6nnen.<\/p>\n<p>Bis in die 50er Jahre lebten die Einwohner von Rheinklingen von der Jagd, dem Fischfang und der Landwirtschaft. Zu den wenigen Ausnahmen geh\u00f6rte der Lehrer, der neben der Schule seinen Obstgarten pflegte und zus\u00e4tzlich als Gl\u00f6ckner und Gemeindeschreiber amtete. Nach dem Krieg setzte sich die Mechanisierung\u00a0 schrittweise durch und ver\u00e4nderte die jahrhundertealte Dorfgemeinschaft nachhaltig. Unsere V\u00e4ter erkannten rasch, dass die Arbeitserleichterung hohe Kosten mit sich brachte und entschlossen sich f\u00fcr die Form der \u00fcberbetrieblichen Mechanisierung. Die Maschinengemeinde hat sich zuerst in Rheinklingen etabliert und umfasst heute alle Bauern der politischen Gemeinde Wagenhausen sowie etliche Berufskollegen aus umliegenden D\u00f6rfern. Sie dient nicht nur dem gemeinschaftlichen Charakter.<\/p>\n<h3>Rationalisierung und G\u00fcterzusammenlegung<\/h3>\n<p>1963 war mitten in den Vorbereitungen f\u00fcr die G\u00fcterzusammenlegung. Die Felder waren vermessen, eine Neuzuteilung war geplant, die dazu f\u00fchrte, dass ab 1967 jeder sein Land arrondiert hatte. Die einen nahe beim Dorf, die anderen planten den Neubau der Betriebsgeb\u00e4ude inmitten ihres Landes ausserhalb des Dorfes.<\/p>\n<p>In den Jahren vor der Zusammenlegung und w\u00e4hrend dieser wurde nochmals fleissig drainiert und viele Hochstammb\u00e4ume fielen der Motors\u00e4ge zum Opfer. Heute ist es kaum mehr denkbar, dass Subventionen ausgerichtet wurden f\u00fcr das F\u00e4llen von Hochstammobstb\u00e4umen.<\/p>\n<p>Die Mechanisierung hatte bereits fr\u00fcher eingesetzt. Aber den Durchbruch brachten erst die 60er Jahre mit der Verbreitung der Ladewagen und der Melkmaschine. Jeder, der etwas auf sich hielt, kaufte sich einen Traktor. Klingende Namen wie Meili, B\u00fchrer, Kramer, Ferguson und Bucher ratterten durch die D\u00f6rfer.<\/p>\n<h3>Der Bau der Zuckerfabrik Frauenfeld<\/h3>\n<p>Der Entscheid, in Frauenfeld eine Zuckerfabrik zu bauen, befl\u00fcgelte die damalige Generation. Bis heute sind unz\u00e4hlige Politische Gemeinden, Genossenschaften und Einzelpersonen Aktion\u00e4re der Fabrik. Der forcierte Anbau der Zuckerr\u00fcben erforderte entsprechende Maschinen f\u00fcr die Saat und Ernte<\/p>\n<h3>Gr\u00fcndung der Maschinengemeinschaft<\/h3>\n<p>Die Ausdehnung des Zuckerr\u00fcbenanbaus war der Ausl\u00f6ser f\u00fcr die Anschaffung einer Einzelkorns\u00e4maschine durch die Beratungsgruppe Rheinklingen. 9 Mitglieder dieser Beratungsgruppe finanzierten die Maschine. Mit dieser wurden in den ersten Jahren bis zu hundert Hektaren ges\u00e4t, von Eschenz bis Schlatt. Ein Foto von Hans Stoll und seinem Kramer findet sich in unz\u00e4hligen Lehrlingsheften. Bald wurde zus\u00e4tzlich ein Maish\u00e4cksler angeschafft, da der Maisanbau in dieser Zeit mit neuen Hybridsorten auch in unseren Breitengraden rasch Fuss fasste. Nach wenigen Jahren wurde die Beratungst\u00e4tigkeit von der gemeinsamen Maschinenhaltung getrennt, ab 1971 wurden separate Versammlungen durchgef\u00fchrt.<\/p>\n\n\n<p><\/p>\n","protected":false},"excerpt":{"rendered":"<p>Die Maschinengemeinde wurde von mehreren Landwirten in der Region Rheinklingen gegr\u00fcndet, um gemeinsam Maschinen effizient [&hellip;]<\/p>\n","protected":false},"author":1,"featured_media":70,"parent":0,"menu_order":0,"comment_status":"closed","ping_status":"closed","template":"","meta":{"footnotes":""},"aioseo_notices":[],"_links":{"self":[{"href":"https:\/\/maschinengemeinde.ch\/index.php?rest_route=\/wp\/v2\/pages\/29"}],"collection":[{"href":"https:\/\/maschinengemeinde.ch\/index.php?rest_route=\/wp\/v2\/pages"}],"about":[{"href":"https:\/\/maschinengemeinde.ch\/index.php?rest_route=\/wp\/v2\/types\/page"}],"author":[{"embeddable":true,"href":"https:\/\/maschinengemeinde.ch\/index.php?rest_route=\/wp\/v2\/users\/1"}],"replies":[{"embeddable":true,"href":"https:\/\/maschinengemeinde.ch\/index.php?rest_route=%2Fwp%2Fv2%2Fcomments&post=29"}],"version-history":[{"count":13,"href":"https:\/\/maschinengemeinde.ch\/index.php?rest_route=\/wp\/v2\/pages\/29\/revisions"}],"predecessor-version":[{"id":151,"href":"https:\/\/maschinengemeinde.ch\/index.php?rest_route=\/wp\/v2\/pages\/29\/revisions\/151"}],"wp:featuredmedia":[{"embeddable":true,"href":"https:\/\/maschinengemeinde.ch\/index.php?rest_route=\/wp\/v2\/media\/70"}],"wp:attachment":[{"href":"https:\/\/maschinengemeinde.ch\/index.php?rest_route=%2Fwp%2Fv2%2Fmedia&parent=29"}],"curies":[{"name":"wp","href":"https:\/\/api.w.org\/{rel}","templated":true}]}}